{"id":16525,"date":"2025-08-02T07:47:25","date_gmt":"2025-08-02T07:47:25","guid":{"rendered":"https:\/\/as-stan.com\/sale-of-apartments\/"},"modified":"2025-11-17T21:09:36","modified_gmt":"2025-11-17T21:09:36","slug":"sale-of-apartments","status":"publish","type":"page","link":"https:\/\/as-stan.com\/en\/sale-of-apartments\/","title":{"rendered":"Sale of apartments"},"content":{"rendered":"\t\t<div data-elementor-type=\"wp-page\" data-elementor-id=\"16525\" class=\"elementor elementor-16525 elementor-16079\">\n\t\t\t\t<div class=\"elementor-element elementor-element-e962433 e-con-full e-flex e-con e-parent\" data-id=\"e962433\" data-element_type=\"container\">\n\t\t<a class=\"elementor-element elementor-element-e8beba9 e-con-full e-flex e-con e-child\" data-id=\"e8beba9\" data-element_type=\"container\" href=\"https:\/\/as-stan.com\/en\/projekat\/21-central-your-peace-in-the-heart-of-belgrade\/\">\n\t\t\t\t<div class=\"elementor-element elementor-element-3c3ae67 elementor-widget elementor-widget-image\" data-id=\"3c3ae67\" data-element_type=\"widget\" data-widget_type=\"image.default\">\n\t\t\t\t<div class=\"elementor-widget-container\">\n\t\t\t\t\t\t\t\t\t\t\t\t\t\t\t<img fetchpriority=\"high\" decoding=\"async\" width=\"1220\" height=\"920\" src=\"https:\/\/as-stan.com\/wp-content\/uploads\/2025\/08\/21-central-prodaja-stanova-as-stan-beograd.webp\" class=\"attachment-full size-full wp-image-16201\" alt=\"\" srcset=\"https:\/\/as-stan.com\/wp-content\/uploads\/2025\/08\/21-central-prodaja-stanova-as-stan-beograd.webp 1220w, https:\/\/as-stan.com\/wp-content\/uploads\/2025\/08\/21-central-prodaja-stanova-as-stan-beograd-300x226.webp 300w, https:\/\/as-stan.com\/wp-content\/uploads\/2025\/08\/21-central-prodaja-stanova-as-stan-beograd-1024x772.webp 1024w, https:\/\/as-stan.com\/wp-content\/uploads\/2025\/08\/21-central-prodaja-stanova-as-stan-beograd-768x579.webp 768w, https:\/\/as-stan.com\/wp-content\/uploads\/2025\/08\/21-central-prodaja-stanova-as-stan-beograd-600x452.webp 600w\" sizes=\"(max-width: 1220px) 100vw, 1220px\" \/>\t\t\t\t\t\t\t\t\t\t\t\t\t\t\t<\/div>\n\t\t\t\t<\/div>\n\t\t\t\t<div class=\"elementor-element elementor-element-86b71e0 elementor-widget elementor-widget-heading\" data-id=\"86b71e0\" data-element_type=\"widget\" data-widget_type=\"heading.default\">\n\t\t\t\t<div class=\"elementor-widget-container\">\n\t\t\t\t\t<h2 class=\"elementor-heading-title elementor-size-default\">21 Central, Svetozar \u0106orovi\u0107a<\/h2>\t\t\t\t<\/div>\n\t\t\t\t<\/div>\n\t\t\t\t<div class=\"elementor-element elementor-element-9575df6 elementor-widget elementor-widget-text-editor\" data-id=\"9575df6\" data-element_type=\"widget\" data-widget_type=\"text-editor.default\">\n\t\t\t\t<div class=\"elementor-widget-container\">\n\t\t\t\t\t\t\t\t\t<p>Svetozar \u0106orovi\u0107a Street offers what is most difficult to find today \u2014 a quiet environment full of greenery, and yet close to all the key points of the city. 21 Central, a building with a contemporary expression, designed for those looking for more than just housing: comfort, quiet and quality<\/p>\t\t\t\t\t\t\t\t<\/div>\n\t\t\t\t<\/div>\n\t\t\t\t<\/a>\n\t\t<div class=\"elementor-element elementor-element-1740aa2 e-con-full e-flex e-con e-child\" data-id=\"1740aa2\" data-element_type=\"container\">\n\t\t\t\t<div class=\"elementor-element elementor-element-0bb6057 elementor-widget elementor-widget-image\" data-id=\"0bb6057\" data-element_type=\"widget\" data-widget_type=\"image.default\">\n\t\t\t\t<div class=\"elementor-widget-container\">\n\t\t\t\t\t\t\t\t\t\t\t\t\t\t\t<img decoding=\"async\" width=\"1219\" height=\"920\" src=\"https:\/\/as-stan.com\/wp-content\/uploads\/2025\/08\/uskoro-kosutnjak.png\" class=\"attachment-full size-full wp-image-16287\" alt=\"\" srcset=\"https:\/\/as-stan.com\/wp-content\/uploads\/2025\/08\/uskoro-kosutnjak.png 1219w, https:\/\/as-stan.com\/wp-content\/uploads\/2025\/08\/uskoro-kosutnjak-300x226.png 300w, https:\/\/as-stan.com\/wp-content\/uploads\/2025\/08\/uskoro-kosutnjak-1024x773.png 1024w, https:\/\/as-stan.com\/wp-content\/uploads\/2025\/08\/uskoro-kosutnjak-768x580.png 768w, https:\/\/as-stan.com\/wp-content\/uploads\/2025\/08\/uskoro-kosutnjak-600x453.png 600w\" sizes=\"(max-width: 1219px) 100vw, 1219px\" \/>\t\t\t\t\t\t\t\t\t\t\t\t\t\t\t<\/div>\n\t\t\t\t<\/div>\n\t\t\t\t<div class=\"elementor-element elementor-element-a638b4f elementor-widget elementor-widget-heading\" data-id=\"a638b4f\" data-element_type=\"widget\" data-widget_type=\"heading.default\">\n\t\t\t\t<div class=\"elementor-widget-container\">\n\t\t\t\t\t<h2 class=\"elementor-heading-title elementor-size-default\">Building 2<\/h2>\t\t\t\t<\/div>\n\t\t\t\t<\/div>\n\t\t\t\t<div class=\"elementor-element elementor-element-4069bae elementor-widget elementor-widget-text-editor\" data-id=\"4069bae\" data-element_type=\"widget\" data-widget_type=\"text-editor.default\">\n\t\t\t\t<div class=\"elementor-widget-container\">\n\t\t\t\t\t\t\t\t\t<p><span style=\"white-space-collapse: preserve;\">Get to know our current offer of residential properties in the most sought-after location. Each building is designed with special attention to the quality of construction, the functionality of the apartments and modern standards of living.<\/span><\/p>\t\t\t\t\t\t\t\t<\/div>\n\t\t\t\t<\/div>\n\t\t\t\t<\/div>\n\t\t\t\t<\/div>\n\t\t\t\t<\/div>\n\t\t","protected":false},"excerpt":{"rendered":"<p>21 Central, Svetozar \u0106orovi\u0107a Svetozar \u0106orovi\u0107a Street offers what is most difficult to find today \u2014 a quiet environment full of greenery, and yet close to all the key points of the city. 21 Central, a building with a contemporary expression, designed for those looking for more than just housing: comfort, quiet and quality Building [&hellip;]<\/p>\n","protected":false},"author":1,"featured_media":0,"parent":0,"menu_order":0,"comment_status":"closed","ping_status":"closed","template":"","meta":{"footnotes":""},"class_list":["post-16525","page","type-page","status-publish","hentry"],"_links":{"self":[{"href":"https:\/\/as-stan.com\/en\/wp-json\/wp\/v2\/pages\/16525","targetHints":{"allow":["GET"]}}],"collection":[{"href":"https:\/\/as-stan.com\/en\/wp-json\/wp\/v2\/pages"}],"about":[{"href":"https:\/\/as-stan.com\/en\/wp-json\/wp\/v2\/types\/page"}],"author":[{"embeddable":true,"href":"https:\/\/as-stan.com\/en\/wp-json\/wp\/v2\/users\/1"}],"replies":[{"embeddable":true,"href":"https:\/\/as-stan.com\/en\/wp-json\/wp\/v2\/comments?post=16525"}],"version-history":[{"count":4,"href":"https:\/\/as-stan.com\/en\/wp-json\/wp\/v2\/pages\/16525\/revisions"}],"predecessor-version":[{"id":16572,"href":"https:\/\/as-stan.com\/en\/wp-json\/wp\/v2\/pages\/16525\/revisions\/16572"}],"wp:attachment":[{"href":"https:\/\/as-stan.com\/en\/wp-json\/wp\/v2\/media?parent=16525"}],"curies":[{"name":"wp","href":"https:\/\/api.w.org\/{rel}","templated":true}]}}